{"id":1316,"date":"2021-10-22T17:24:58","date_gmt":"2021-10-22T17:24:58","guid":{"rendered":"https:\/\/smforklift.acxcomdev.com\/produit\/2014-hyster-j35xnt\/"},"modified":"2021-11-06T00:03:52","modified_gmt":"2021-11-06T00:03:52","slug":"2014-hyster-j35xnt","status":"publish","type":"product","link":"https:\/\/www.smforklift.com\/en\/produit\/2014-hyster-j35xnt\/","title":{"rendered":"2014 Hyster J35XNT"},"content":{"rendered":"","protected":false},"excerpt":{"rendered":"<p><strong>Stock number:<\/strong> 9935<\/p>\n<p>Pneus cushion<\/p>\n<p>Finger Tip control<\/p>\n","protected":false},"featured_media":665,"template":"","meta":{"_et_pb_use_builder":"","_et_pb_old_content":"","_et_gb_content_width":""},"product_brand":[],"product_cat":[58,65],"product_tag":[],"class_list":{"0":"post-1316","1":"product","2":"type-product","3":"status-publish","4":"has-post-thumbnail","6":"product_cat-forklift-3-wheels-electric","7":"product_cat-uncategorized","9":"first","10":"instock","11":"shipping-taxable","12":"purchasable","13":"product-type-simple"},"yoast_head":"<!-- This site is optimized with the Yoast SEO plugin v27.3 - https:\/\/yoast.com\/product\/yoast-seo-wordpress\/ -->\n<title>2014 Hyster J35XNT - SM Forklift %<\/title>\n<meta name=\"description\" content=\"D\u00e9couvrez notre s\u00e9lection de Chariots \u00e9l\u00e9vateurs usag\u00e9s \u00e0 vendre. SM Forklift, les sp\u00e9cialistes depuis plus de 25 ans. Les plus grandes marques \u00e0 un prix comp\u00e9titif.\" \/>\n<meta name=\"robots\" content=\"index, follow, max-snippet:-1, max-image-preview:large, max-video-preview:-1\" \/>\n<link rel=\"canonical\" href=\"https:\/\/www.smforklift.com\/en\/produit\/2014-hyster-j35xnt\/\" \/>\n<meta property=\"og:locale\" content=\"en_US\" \/>\n<meta property=\"og:type\" content=\"article\" \/>\n<meta property=\"og:title\" content=\"2014 Hyster J35XNT - SM Forklift %\" \/>\n<meta property=\"og:description\" content=\"D\u00e9couvrez notre s\u00e9lection de Chariots \u00e9l\u00e9vateurs usag\u00e9s \u00e0 vendre. SM Forklift, les sp\u00e9cialistes depuis plus de 25 ans. Les plus grandes marques \u00e0 un prix comp\u00e9titif.\" \/>\n<meta property=\"og:url\" content=\"https:\/\/www.smforklift.com\/en\/produit\/2014-hyster-j35xnt\/\" \/>\n<meta property=\"og:site_name\" content=\"SM Forklift\" \/>\n<meta property=\"article:publisher\" content=\"https:\/\/www.facebook.com\/Reparations-SM-Inc-240178019390397\" \/>\n<meta property=\"article:modified_time\" content=\"2021-11-06T00:03:52+00:00\" \/>\n<meta property=\"og:image\" content=\"https:\/\/www.smforklift.com\/wp-content\/uploads\/2021\/10\/sm7bb_1.jpg\" \/>\n\t<meta property=\"og:image:width\" content=\"300\" \/>\n\t<meta property=\"og:image:height\" content=\"300\" \/>\n\t<meta property=\"og:image:type\" content=\"image\/jpeg\" \/>\n<meta name=\"twitter:card\" content=\"summary_large_image\" \/>\n<meta name=\"twitter:site\" content=\"@SMforklift\" \/>\n<script type=\"application\/ld+json\" class=\"yoast-schema-graph\">{\"@context\":\"https:\\\/\\\/schema.org\",\"@graph\":[{\"@type\":\"WebPage\",\"@id\":\"https:\\\/\\\/www.smforklift.com\\\/en\\\/produit\\\/2014-hyster-j35xnt\\\/\",\"url\":\"https:\\\/\\\/www.smforklift.com\\\/en\\\/produit\\\/2014-hyster-j35xnt\\\/\",\"name\":\"2014 Hyster J35XNT - SM Forklift %\",\"isPartOf\":{\"@id\":\"https:\\\/\\\/www.smforklift.com\\\/en\\\/#website\"},\"primaryImageOfPage\":{\"@id\":\"https:\\\/\\\/www.smforklift.com\\\/en\\\/produit\\\/2014-hyster-j35xnt\\\/#primaryimage\"},\"image\":{\"@id\":\"https:\\\/\\\/www.smforklift.com\\\/en\\\/produit\\\/2014-hyster-j35xnt\\\/#primaryimage\"},\"thumbnailUrl\":\"https:\\\/\\\/www.smforklift.com\\\/wp-content\\\/uploads\\\/2021\\\/10\\\/sm7bb_1.jpg\",\"datePublished\":\"2021-10-22T17:24:58+00:00\",\"dateModified\":\"2021-11-06T00:03:52+00:00\",\"description\":\"D\u00e9couvrez notre s\u00e9lection de Chariots \u00e9l\u00e9vateurs usag\u00e9s \u00e0 vendre. SM Forklift, les sp\u00e9cialistes depuis plus de 25 ans. Les plus grandes marques \u00e0 un prix comp\u00e9titif.\",\"breadcrumb\":{\"@id\":\"https:\\\/\\\/www.smforklift.com\\\/en\\\/produit\\\/2014-hyster-j35xnt\\\/#breadcrumb\"},\"inLanguage\":\"en-US\",\"potentialAction\":[{\"@type\":\"ReadAction\",\"target\":[\"https:\\\/\\\/www.smforklift.com\\\/en\\\/produit\\\/2014-hyster-j35xnt\\\/\"]}]},{\"@type\":\"ImageObject\",\"inLanguage\":\"en-US\",\"@id\":\"https:\\\/\\\/www.smforklift.com\\\/en\\\/produit\\\/2014-hyster-j35xnt\\\/#primaryimage\",\"url\":\"https:\\\/\\\/www.smforklift.com\\\/wp-content\\\/uploads\\\/2021\\\/10\\\/sm7bb_1.jpg\",\"contentUrl\":\"https:\\\/\\\/www.smforklift.com\\\/wp-content\\\/uploads\\\/2021\\\/10\\\/sm7bb_1.jpg\",\"width\":300,\"height\":300},{\"@type\":\"BreadcrumbList\",\"@id\":\"https:\\\/\\\/www.smforklift.com\\\/en\\\/produit\\\/2014-hyster-j35xnt\\\/#breadcrumb\",\"itemListElement\":[{\"@type\":\"ListItem\",\"position\":1,\"name\":\"Products\",\"item\":\"https:\\\/\\\/www.smforklift.com\\\/en\\\/\"},{\"@type\":\"ListItem\",\"position\":2,\"name\":\"Catalog\",\"item\":\"https:\\\/\\\/www.smforklift.com\\\/en\\\/catalog\\\/\"},{\"@type\":\"ListItem\",\"position\":3,\"name\":\"2014 Hyster J35XNT\"}]},{\"@type\":\"WebSite\",\"@id\":\"https:\\\/\\\/www.smforklift.com\\\/en\\\/#website\",\"url\":\"https:\\\/\\\/www.smforklift.com\\\/en\\\/\",\"name\":\"SM Forklift\",\"description\":\"Leader dans la vente de chariots \u00e9l\u00e9vateurs depuis 25 ans\",\"publisher\":{\"@id\":\"https:\\\/\\\/www.smforklift.com\\\/en\\\/#organization\"},\"alternateName\":\"SM R\u00e9paration\",\"potentialAction\":[{\"@type\":\"SearchAction\",\"target\":{\"@type\":\"EntryPoint\",\"urlTemplate\":\"https:\\\/\\\/www.smforklift.com\\\/en\\\/?s={search_term_string}\"},\"query-input\":{\"@type\":\"PropertyValueSpecification\",\"valueRequired\":true,\"valueName\":\"search_term_string\"}}],\"inLanguage\":\"en-US\"},{\"@type\":\"Organization\",\"@id\":\"https:\\\/\\\/www.smforklift.com\\\/en\\\/#organization\",\"name\":\"SM Forklift\",\"alternateName\":\"SM R\u00e9paration\",\"url\":\"https:\\\/\\\/www.smforklift.com\\\/en\\\/\",\"logo\":{\"@type\":\"ImageObject\",\"inLanguage\":\"en-US\",\"@id\":\"https:\\\/\\\/www.smforklift.com\\\/en\\\/#\\\/schema\\\/logo\\\/image\\\/\",\"url\":\"https:\\\/\\\/www.smforklift.com\\\/wp-content\\\/uploads\\\/2021\\\/08\\\/top_logo_en.gif\",\"contentUrl\":\"https:\\\/\\\/www.smforklift.com\\\/wp-content\\\/uploads\\\/2021\\\/08\\\/top_logo_en.gif\",\"width\":450,\"height\":67,\"caption\":\"SM Forklift\"},\"image\":{\"@id\":\"https:\\\/\\\/www.smforklift.com\\\/en\\\/#\\\/schema\\\/logo\\\/image\\\/\"},\"sameAs\":[\"https:\\\/\\\/www.facebook.com\\\/Reparations-SM-Inc-240178019390397\",\"https:\\\/\\\/x.com\\\/SMforklift\",\"https:\\\/\\\/www.linkedin.com\\\/in\\\/serge-morin-60831238\\\/?originalSubdomain=ca\"]}]}<\/script>\n<!-- \/ Yoast SEO plugin. -->","yoast_head_json":{"title":"2014 Hyster J35XNT - SM Forklift %","description":"D\u00e9couvrez notre s\u00e9lection de Chariots \u00e9l\u00e9vateurs usag\u00e9s \u00e0 vendre. SM Forklift, les sp\u00e9cialistes depuis plus de 25 ans. Les plus grandes marques \u00e0 un prix comp\u00e9titif.","robots":{"index":"index","follow":"follow","max-snippet":"max-snippet:-1","max-image-preview":"max-image-preview:large","max-video-preview":"max-video-preview:-1"},"canonical":"https:\/\/www.smforklift.com\/en\/produit\/2014-hyster-j35xnt\/","og_locale":"en_US","og_type":"article","og_title":"2014 Hyster J35XNT - SM Forklift %","og_description":"D\u00e9couvrez notre s\u00e9lection de Chariots \u00e9l\u00e9vateurs usag\u00e9s \u00e0 vendre. SM Forklift, les sp\u00e9cialistes depuis plus de 25 ans. Les plus grandes marques \u00e0 un prix comp\u00e9titif.","og_url":"https:\/\/www.smforklift.com\/en\/produit\/2014-hyster-j35xnt\/","og_site_name":"SM Forklift","article_publisher":"https:\/\/www.facebook.com\/Reparations-SM-Inc-240178019390397","article_modified_time":"2021-11-06T00:03:52+00:00","og_image":[{"width":300,"height":300,"url":"https:\/\/www.smforklift.com\/wp-content\/uploads\/2021\/10\/sm7bb_1.jpg","type":"image\/jpeg"}],"twitter_card":"summary_large_image","twitter_site":"@SMforklift","schema":{"@context":"https:\/\/schema.org","@graph":[{"@type":"WebPage","@id":"https:\/\/www.smforklift.com\/en\/produit\/2014-hyster-j35xnt\/","url":"https:\/\/www.smforklift.com\/en\/produit\/2014-hyster-j35xnt\/","name":"2014 Hyster J35XNT - SM Forklift %","isPartOf":{"@id":"https:\/\/www.smforklift.com\/en\/#website"},"primaryImageOfPage":{"@id":"https:\/\/www.smforklift.com\/en\/produit\/2014-hyster-j35xnt\/#primaryimage"},"image":{"@id":"https:\/\/www.smforklift.com\/en\/produit\/2014-hyster-j35xnt\/#primaryimage"},"thumbnailUrl":"https:\/\/www.smforklift.com\/wp-content\/uploads\/2021\/10\/sm7bb_1.jpg","datePublished":"2021-10-22T17:24:58+00:00","dateModified":"2021-11-06T00:03:52+00:00","description":"D\u00e9couvrez notre s\u00e9lection de Chariots \u00e9l\u00e9vateurs usag\u00e9s \u00e0 vendre. SM Forklift, les sp\u00e9cialistes depuis plus de 25 ans. Les plus grandes marques \u00e0 un prix comp\u00e9titif.","breadcrumb":{"@id":"https:\/\/www.smforklift.com\/en\/produit\/2014-hyster-j35xnt\/#breadcrumb"},"inLanguage":"en-US","potentialAction":[{"@type":"ReadAction","target":["https:\/\/www.smforklift.com\/en\/produit\/2014-hyster-j35xnt\/"]}]},{"@type":"ImageObject","inLanguage":"en-US","@id":"https:\/\/www.smforklift.com\/en\/produit\/2014-hyster-j35xnt\/#primaryimage","url":"https:\/\/www.smforklift.com\/wp-content\/uploads\/2021\/10\/sm7bb_1.jpg","contentUrl":"https:\/\/www.smforklift.com\/wp-content\/uploads\/2021\/10\/sm7bb_1.jpg","width":300,"height":300},{"@type":"BreadcrumbList","@id":"https:\/\/www.smforklift.com\/en\/produit\/2014-hyster-j35xnt\/#breadcrumb","itemListElement":[{"@type":"ListItem","position":1,"name":"Products","item":"https:\/\/www.smforklift.com\/en\/"},{"@type":"ListItem","position":2,"name":"Catalog","item":"https:\/\/www.smforklift.com\/en\/catalog\/"},{"@type":"ListItem","position":3,"name":"2014 Hyster J35XNT"}]},{"@type":"WebSite","@id":"https:\/\/www.smforklift.com\/en\/#website","url":"https:\/\/www.smforklift.com\/en\/","name":"SM Forklift","description":"Leader dans la vente de chariots \u00e9l\u00e9vateurs depuis 25 ans","publisher":{"@id":"https:\/\/www.smforklift.com\/en\/#organization"},"alternateName":"SM R\u00e9paration","potentialAction":[{"@type":"SearchAction","target":{"@type":"EntryPoint","urlTemplate":"https:\/\/www.smforklift.com\/en\/?s={search_term_string}"},"query-input":{"@type":"PropertyValueSpecification","valueRequired":true,"valueName":"search_term_string"}}],"inLanguage":"en-US"},{"@type":"Organization","@id":"https:\/\/www.smforklift.com\/en\/#organization","name":"SM Forklift","alternateName":"SM R\u00e9paration","url":"https:\/\/www.smforklift.com\/en\/","logo":{"@type":"ImageObject","inLanguage":"en-US","@id":"https:\/\/www.smforklift.com\/en\/#\/schema\/logo\/image\/","url":"https:\/\/www.smforklift.com\/wp-content\/uploads\/2021\/08\/top_logo_en.gif","contentUrl":"https:\/\/www.smforklift.com\/wp-content\/uploads\/2021\/08\/top_logo_en.gif","width":450,"height":67,"caption":"SM Forklift"},"image":{"@id":"https:\/\/www.smforklift.com\/en\/#\/schema\/logo\/image\/"},"sameAs":["https:\/\/www.facebook.com\/Reparations-SM-Inc-240178019390397","https:\/\/x.com\/SMforklift","https:\/\/www.linkedin.com\/in\/serge-morin-60831238\/?originalSubdomain=ca"]}]}},"_links":{"self":[{"href":"https:\/\/www.smforklift.com\/en\/wp-json\/wp\/v2\/product\/1316","targetHints":{"allow":["GET"]}}],"collection":[{"href":"https:\/\/www.smforklift.com\/en\/wp-json\/wp\/v2\/product"}],"about":[{"href":"https:\/\/www.smforklift.com\/en\/wp-json\/wp\/v2\/types\/product"}],"wp:featuredmedia":[{"embeddable":true,"href":"https:\/\/www.smforklift.com\/en\/wp-json\/wp\/v2\/media\/665"}],"wp:attachment":[{"href":"https:\/\/www.smforklift.com\/en\/wp-json\/wp\/v2\/media?parent=1316"}],"wp:term":[{"taxonomy":"product_brand","embeddable":true,"href":"https:\/\/www.smforklift.com\/en\/wp-json\/wp\/v2\/product_brand?post=1316"},{"taxonomy":"product_cat","embeddable":true,"href":"https:\/\/www.smforklift.com\/en\/wp-json\/wp\/v2\/product_cat?post=1316"},{"taxonomy":"product_tag","embeddable":true,"href":"https:\/\/www.smforklift.com\/en\/wp-json\/wp\/v2\/product_tag?post=1316"}],"curies":[{"name":"wp","href":"https:\/\/api.w.org\/{rel}","templated":true}]}}