{"id":1271,"date":"2021-10-24T03:43:17","date_gmt":"2021-10-24T03:43:17","guid":{"rendered":"https:\/\/smforklift.acxcomdev.com\/produit\/2010-raymond-double-reach-740dr32-2\/"},"modified":"2021-11-05T23:45:50","modified_gmt":"2021-11-05T23:45:50","slug":"2010-raymond-double-reach-740dr32-2","status":"publish","type":"product","link":"https:\/\/www.smforklift.com\/en\/produit\/2010-raymond-double-reach-740dr32-2\/","title":{"rendered":"2010 Raymond Double reach 740DR32"},"content":{"rendered":"","protected":false},"excerpt":{"rendered":"<p><strong>Stock number:<\/strong> 9720<\/p>\n<p>Batterie compartiment 18&#8221; Battery size &#8211;<\/p>\n<p>Straddle size : 33 x 44<\/p>\n<p>Side Stand<\/p>\n","protected":false},"featured_media":801,"template":"","meta":{"_et_pb_use_builder":"","_et_pb_old_content":"","_et_gb_content_width":""},"product_brand":[],"product_cat":[62],"product_tag":[],"class_list":{"0":"post-1271","1":"product","2":"type-product","3":"status-publish","4":"has-post-thumbnail","6":"product_cat-forklift-reach-double-reach","8":"first","9":"instock","10":"shipping-taxable","11":"purchasable","12":"product-type-simple"},"yoast_head":"<!-- This site is optimized with the Yoast SEO plugin v27.3 - https:\/\/yoast.com\/product\/yoast-seo-wordpress\/ -->\n<title>2010 Raymond Double reach 740DR32 - SM Forklift %<\/title>\n<meta name=\"description\" content=\"D\u00e9couvrez notre s\u00e9lection de Chariots \u00e9l\u00e9vateurs usag\u00e9s \u00e0 vendre. SM Forklift, les sp\u00e9cialistes depuis plus de 25 ans. Les plus grandes marques \u00e0 un prix comp\u00e9titif.\" \/>\n<meta name=\"robots\" content=\"index, follow, max-snippet:-1, max-image-preview:large, max-video-preview:-1\" \/>\n<link rel=\"canonical\" href=\"https:\/\/www.smforklift.com\/en\/produit\/2010-raymond-double-reach-740dr32-2\/\" \/>\n<meta property=\"og:locale\" content=\"en_US\" \/>\n<meta property=\"og:type\" content=\"article\" \/>\n<meta property=\"og:title\" content=\"2010 Raymond Double reach 740DR32 - SM Forklift %\" \/>\n<meta property=\"og:description\" content=\"D\u00e9couvrez notre s\u00e9lection de Chariots \u00e9l\u00e9vateurs usag\u00e9s \u00e0 vendre. SM Forklift, les sp\u00e9cialistes depuis plus de 25 ans. Les plus grandes marques \u00e0 un prix comp\u00e9titif.\" \/>\n<meta property=\"og:url\" content=\"https:\/\/www.smforklift.com\/en\/produit\/2010-raymond-double-reach-740dr32-2\/\" \/>\n<meta property=\"og:site_name\" content=\"SM Forklift\" \/>\n<meta property=\"article:publisher\" content=\"https:\/\/www.facebook.com\/Reparations-SM-Inc-240178019390397\" \/>\n<meta property=\"article:modified_time\" content=\"2021-11-05T23:45:50+00:00\" \/>\n<meta property=\"og:image\" content=\"https:\/\/www.smforklift.com\/wp-content\/uploads\/2021\/10\/sm5zzaaz_2.jpg\" \/>\n\t<meta property=\"og:image:width\" content=\"300\" \/>\n\t<meta property=\"og:image:height\" content=\"300\" \/>\n\t<meta property=\"og:image:type\" content=\"image\/jpeg\" \/>\n<meta name=\"twitter:card\" content=\"summary_large_image\" \/>\n<meta name=\"twitter:site\" content=\"@SMforklift\" \/>\n<script type=\"application\/ld+json\" class=\"yoast-schema-graph\">{\"@context\":\"https:\\\/\\\/schema.org\",\"@graph\":[{\"@type\":\"WebPage\",\"@id\":\"https:\\\/\\\/www.smforklift.com\\\/en\\\/produit\\\/2010-raymond-double-reach-740dr32-2\\\/\",\"url\":\"https:\\\/\\\/www.smforklift.com\\\/en\\\/produit\\\/2010-raymond-double-reach-740dr32-2\\\/\",\"name\":\"2010 Raymond Double reach 740DR32 - SM Forklift %\",\"isPartOf\":{\"@id\":\"https:\\\/\\\/www.smforklift.com\\\/en\\\/#website\"},\"primaryImageOfPage\":{\"@id\":\"https:\\\/\\\/www.smforklift.com\\\/en\\\/produit\\\/2010-raymond-double-reach-740dr32-2\\\/#primaryimage\"},\"image\":{\"@id\":\"https:\\\/\\\/www.smforklift.com\\\/en\\\/produit\\\/2010-raymond-double-reach-740dr32-2\\\/#primaryimage\"},\"thumbnailUrl\":\"https:\\\/\\\/www.smforklift.com\\\/wp-content\\\/uploads\\\/2021\\\/10\\\/sm5zzaaz_2.jpg\",\"datePublished\":\"2021-10-24T03:43:17+00:00\",\"dateModified\":\"2021-11-05T23:45:50+00:00\",\"description\":\"D\u00e9couvrez notre s\u00e9lection de Chariots \u00e9l\u00e9vateurs usag\u00e9s \u00e0 vendre. SM Forklift, les sp\u00e9cialistes depuis plus de 25 ans. Les plus grandes marques \u00e0 un prix comp\u00e9titif.\",\"breadcrumb\":{\"@id\":\"https:\\\/\\\/www.smforklift.com\\\/en\\\/produit\\\/2010-raymond-double-reach-740dr32-2\\\/#breadcrumb\"},\"inLanguage\":\"en-US\",\"potentialAction\":[{\"@type\":\"ReadAction\",\"target\":[\"https:\\\/\\\/www.smforklift.com\\\/en\\\/produit\\\/2010-raymond-double-reach-740dr32-2\\\/\"]}]},{\"@type\":\"ImageObject\",\"inLanguage\":\"en-US\",\"@id\":\"https:\\\/\\\/www.smforklift.com\\\/en\\\/produit\\\/2010-raymond-double-reach-740dr32-2\\\/#primaryimage\",\"url\":\"https:\\\/\\\/www.smforklift.com\\\/wp-content\\\/uploads\\\/2021\\\/10\\\/sm5zzaaz_2.jpg\",\"contentUrl\":\"https:\\\/\\\/www.smforklift.com\\\/wp-content\\\/uploads\\\/2021\\\/10\\\/sm5zzaaz_2.jpg\",\"width\":300,\"height\":300},{\"@type\":\"BreadcrumbList\",\"@id\":\"https:\\\/\\\/www.smforklift.com\\\/en\\\/produit\\\/2010-raymond-double-reach-740dr32-2\\\/#breadcrumb\",\"itemListElement\":[{\"@type\":\"ListItem\",\"position\":1,\"name\":\"Products\",\"item\":\"https:\\\/\\\/www.smforklift.com\\\/en\\\/\"},{\"@type\":\"ListItem\",\"position\":2,\"name\":\"Catalog\",\"item\":\"https:\\\/\\\/www.smforklift.com\\\/en\\\/catalog\\\/\"},{\"@type\":\"ListItem\",\"position\":3,\"name\":\"2010 Raymond Double reach 740DR32\"}]},{\"@type\":\"WebSite\",\"@id\":\"https:\\\/\\\/www.smforklift.com\\\/en\\\/#website\",\"url\":\"https:\\\/\\\/www.smforklift.com\\\/en\\\/\",\"name\":\"SM Forklift\",\"description\":\"Leader dans la vente de chariots \u00e9l\u00e9vateurs depuis 25 ans\",\"publisher\":{\"@id\":\"https:\\\/\\\/www.smforklift.com\\\/en\\\/#organization\"},\"alternateName\":\"SM R\u00e9paration\",\"potentialAction\":[{\"@type\":\"SearchAction\",\"target\":{\"@type\":\"EntryPoint\",\"urlTemplate\":\"https:\\\/\\\/www.smforklift.com\\\/en\\\/?s={search_term_string}\"},\"query-input\":{\"@type\":\"PropertyValueSpecification\",\"valueRequired\":true,\"valueName\":\"search_term_string\"}}],\"inLanguage\":\"en-US\"},{\"@type\":\"Organization\",\"@id\":\"https:\\\/\\\/www.smforklift.com\\\/en\\\/#organization\",\"name\":\"SM Forklift\",\"alternateName\":\"SM R\u00e9paration\",\"url\":\"https:\\\/\\\/www.smforklift.com\\\/en\\\/\",\"logo\":{\"@type\":\"ImageObject\",\"inLanguage\":\"en-US\",\"@id\":\"https:\\\/\\\/www.smforklift.com\\\/en\\\/#\\\/schema\\\/logo\\\/image\\\/\",\"url\":\"https:\\\/\\\/www.smforklift.com\\\/wp-content\\\/uploads\\\/2021\\\/08\\\/top_logo_en.gif\",\"contentUrl\":\"https:\\\/\\\/www.smforklift.com\\\/wp-content\\\/uploads\\\/2021\\\/08\\\/top_logo_en.gif\",\"width\":450,\"height\":67,\"caption\":\"SM Forklift\"},\"image\":{\"@id\":\"https:\\\/\\\/www.smforklift.com\\\/en\\\/#\\\/schema\\\/logo\\\/image\\\/\"},\"sameAs\":[\"https:\\\/\\\/www.facebook.com\\\/Reparations-SM-Inc-240178019390397\",\"https:\\\/\\\/x.com\\\/SMforklift\",\"https:\\\/\\\/www.linkedin.com\\\/in\\\/serge-morin-60831238\\\/?originalSubdomain=ca\"]}]}<\/script>\n<!-- \/ Yoast SEO plugin. -->","yoast_head_json":{"title":"2010 Raymond Double reach 740DR32 - SM Forklift %","description":"D\u00e9couvrez notre s\u00e9lection de Chariots \u00e9l\u00e9vateurs usag\u00e9s \u00e0 vendre. SM Forklift, les sp\u00e9cialistes depuis plus de 25 ans. Les plus grandes marques \u00e0 un prix comp\u00e9titif.","robots":{"index":"index","follow":"follow","max-snippet":"max-snippet:-1","max-image-preview":"max-image-preview:large","max-video-preview":"max-video-preview:-1"},"canonical":"https:\/\/www.smforklift.com\/en\/produit\/2010-raymond-double-reach-740dr32-2\/","og_locale":"en_US","og_type":"article","og_title":"2010 Raymond Double reach 740DR32 - SM Forklift %","og_description":"D\u00e9couvrez notre s\u00e9lection de Chariots \u00e9l\u00e9vateurs usag\u00e9s \u00e0 vendre. SM Forklift, les sp\u00e9cialistes depuis plus de 25 ans. Les plus grandes marques \u00e0 un prix comp\u00e9titif.","og_url":"https:\/\/www.smforklift.com\/en\/produit\/2010-raymond-double-reach-740dr32-2\/","og_site_name":"SM Forklift","article_publisher":"https:\/\/www.facebook.com\/Reparations-SM-Inc-240178019390397","article_modified_time":"2021-11-05T23:45:50+00:00","og_image":[{"width":300,"height":300,"url":"https:\/\/www.smforklift.com\/wp-content\/uploads\/2021\/10\/sm5zzaaz_2.jpg","type":"image\/jpeg"}],"twitter_card":"summary_large_image","twitter_site":"@SMforklift","schema":{"@context":"https:\/\/schema.org","@graph":[{"@type":"WebPage","@id":"https:\/\/www.smforklift.com\/en\/produit\/2010-raymond-double-reach-740dr32-2\/","url":"https:\/\/www.smforklift.com\/en\/produit\/2010-raymond-double-reach-740dr32-2\/","name":"2010 Raymond Double reach 740DR32 - SM Forklift %","isPartOf":{"@id":"https:\/\/www.smforklift.com\/en\/#website"},"primaryImageOfPage":{"@id":"https:\/\/www.smforklift.com\/en\/produit\/2010-raymond-double-reach-740dr32-2\/#primaryimage"},"image":{"@id":"https:\/\/www.smforklift.com\/en\/produit\/2010-raymond-double-reach-740dr32-2\/#primaryimage"},"thumbnailUrl":"https:\/\/www.smforklift.com\/wp-content\/uploads\/2021\/10\/sm5zzaaz_2.jpg","datePublished":"2021-10-24T03:43:17+00:00","dateModified":"2021-11-05T23:45:50+00:00","description":"D\u00e9couvrez notre s\u00e9lection de Chariots \u00e9l\u00e9vateurs usag\u00e9s \u00e0 vendre. SM Forklift, les sp\u00e9cialistes depuis plus de 25 ans. Les plus grandes marques \u00e0 un prix comp\u00e9titif.","breadcrumb":{"@id":"https:\/\/www.smforklift.com\/en\/produit\/2010-raymond-double-reach-740dr32-2\/#breadcrumb"},"inLanguage":"en-US","potentialAction":[{"@type":"ReadAction","target":["https:\/\/www.smforklift.com\/en\/produit\/2010-raymond-double-reach-740dr32-2\/"]}]},{"@type":"ImageObject","inLanguage":"en-US","@id":"https:\/\/www.smforklift.com\/en\/produit\/2010-raymond-double-reach-740dr32-2\/#primaryimage","url":"https:\/\/www.smforklift.com\/wp-content\/uploads\/2021\/10\/sm5zzaaz_2.jpg","contentUrl":"https:\/\/www.smforklift.com\/wp-content\/uploads\/2021\/10\/sm5zzaaz_2.jpg","width":300,"height":300},{"@type":"BreadcrumbList","@id":"https:\/\/www.smforklift.com\/en\/produit\/2010-raymond-double-reach-740dr32-2\/#breadcrumb","itemListElement":[{"@type":"ListItem","position":1,"name":"Products","item":"https:\/\/www.smforklift.com\/en\/"},{"@type":"ListItem","position":2,"name":"Catalog","item":"https:\/\/www.smforklift.com\/en\/catalog\/"},{"@type":"ListItem","position":3,"name":"2010 Raymond Double reach 740DR32"}]},{"@type":"WebSite","@id":"https:\/\/www.smforklift.com\/en\/#website","url":"https:\/\/www.smforklift.com\/en\/","name":"SM Forklift","description":"Leader dans la vente de chariots \u00e9l\u00e9vateurs depuis 25 ans","publisher":{"@id":"https:\/\/www.smforklift.com\/en\/#organization"},"alternateName":"SM R\u00e9paration","potentialAction":[{"@type":"SearchAction","target":{"@type":"EntryPoint","urlTemplate":"https:\/\/www.smforklift.com\/en\/?s={search_term_string}"},"query-input":{"@type":"PropertyValueSpecification","valueRequired":true,"valueName":"search_term_string"}}],"inLanguage":"en-US"},{"@type":"Organization","@id":"https:\/\/www.smforklift.com\/en\/#organization","name":"SM Forklift","alternateName":"SM R\u00e9paration","url":"https:\/\/www.smforklift.com\/en\/","logo":{"@type":"ImageObject","inLanguage":"en-US","@id":"https:\/\/www.smforklift.com\/en\/#\/schema\/logo\/image\/","url":"https:\/\/www.smforklift.com\/wp-content\/uploads\/2021\/08\/top_logo_en.gif","contentUrl":"https:\/\/www.smforklift.com\/wp-content\/uploads\/2021\/08\/top_logo_en.gif","width":450,"height":67,"caption":"SM Forklift"},"image":{"@id":"https:\/\/www.smforklift.com\/en\/#\/schema\/logo\/image\/"},"sameAs":["https:\/\/www.facebook.com\/Reparations-SM-Inc-240178019390397","https:\/\/x.com\/SMforklift","https:\/\/www.linkedin.com\/in\/serge-morin-60831238\/?originalSubdomain=ca"]}]}},"_links":{"self":[{"href":"https:\/\/www.smforklift.com\/en\/wp-json\/wp\/v2\/product\/1271","targetHints":{"allow":["GET"]}}],"collection":[{"href":"https:\/\/www.smforklift.com\/en\/wp-json\/wp\/v2\/product"}],"about":[{"href":"https:\/\/www.smforklift.com\/en\/wp-json\/wp\/v2\/types\/product"}],"wp:featuredmedia":[{"embeddable":true,"href":"https:\/\/www.smforklift.com\/en\/wp-json\/wp\/v2\/media\/801"}],"wp:attachment":[{"href":"https:\/\/www.smforklift.com\/en\/wp-json\/wp\/v2\/media?parent=1271"}],"wp:term":[{"taxonomy":"product_brand","embeddable":true,"href":"https:\/\/www.smforklift.com\/en\/wp-json\/wp\/v2\/product_brand?post=1271"},{"taxonomy":"product_cat","embeddable":true,"href":"https:\/\/www.smforklift.com\/en\/wp-json\/wp\/v2\/product_cat?post=1271"},{"taxonomy":"product_tag","embeddable":true,"href":"https:\/\/www.smforklift.com\/en\/wp-json\/wp\/v2\/product_tag?post=1271"}],"curies":[{"name":"wp","href":"https:\/\/api.w.org\/{rel}","templated":true}]}}