{"id":352,"date":"2021-10-21T19:26:49","date_gmt":"2021-10-21T19:26:49","guid":{"rendered":"http:\/\/smforklift.acxcomdev.com\/company\/"},"modified":"2022-05-25T11:08:27","modified_gmt":"2022-05-25T15:08:27","slug":"company","status":"publish","type":"page","link":"https:\/\/www.smforklift.com\/en\/company\/","title":{"rendered":"Company"},"content":{"rendered":"<p>[et_pb_section fb_built=&#8221;1&#8243; _builder_version=&#8221;4.9.11&#8243; _module_preset=&#8221;default&#8221; custom_padding=&#8221;25px||25px||false|false&#8221; global_colors_info=&#8221;{}&#8221;][et_pb_row _builder_version=&#8221;4.9.11&#8243; _module_preset=&#8221;default&#8221; global_colors_info=&#8221;{}&#8221;][et_pb_column type=&#8221;4_4&#8243; _builder_version=&#8221;4.9.11&#8243; _module_preset=&#8221;default&#8221; global_colors_info=&#8221;{}&#8221;][et_pb_text admin_label=&#8221;R\u00e9parations SM est le leader&#8230;&#8221; _builder_version=&#8221;4.12.0&#8243; _module_preset=&#8221;default&#8221; hover_enabled=&#8221;0&#8243; global_colors_info=&#8221;{}&#8221; sticky_enabled=&#8221;0&#8243;]<\/p>\n<p>R\u00e9parations SM est le leader incontest\u00e9 dans la vente de chariots \u00e9l\u00e9vateurs usag\u00e9s (used forklifts) et d&#8217;\u00e9quipements de manutention en gros et ce depuis 25 ans. Avec plus de 5,500 chariots \u00e9l\u00e9vateurs et \u00e9quipements de constructions vendus durant les 10 derni\u00e8res ann\u00e9es seulement, nous avons construit notre r\u00e9putation sur une qualit\u00e9 de pr\u00e9paration et de service de qualit\u00e9 sup\u00e9rieure.<\/p>\n<p>Nous avons construit au fil du temps des relations d&#8217;affaire \u00e0 travers l&#8217;Am\u00e9rique du nord, nous permettant aujourd&#8217;hui d&#8217;avoir acc\u00e8s \u00e0 un tr\u00e8s large inventaire de chariots \u00e9l\u00e9vateurs et d&#8217;\u00e9quipements de constructions \u00a0usag\u00e9s r\u00e9cents. Cela nous permet d&#8217;offrir \u00e0 nos clients les \u00e9quipements des plus grande marques de l&#8217;industrie int\u00e9grant les derni\u00e8res technologies et innovations, cela \u00e0 un co\u00fbt nettement inf\u00e9rieur.<\/p>\n<p>Comme grossiste de chariots \u00e9l\u00e9vateurs usag\u00e9s nous offrons aussi plusieurs services professionnels.<\/p>\n<ul>\n<li>Nous pouvons racheter vos\u00a0chariots \u00e9l\u00e9vateurs usag\u00e9s, excavatrices,\u00a0tracteurs et plate forme \u00e9l\u00e9vatrice.<\/li>\n<li>Exp\u00e9ditions partout en Am\u00e9rique et Europe.<\/li>\n<li>Locations de chariots \u00e9l\u00e9vateurs adapt\u00e9 a vos besoins .<\/li>\n<li>Services de <a href=\"https:\/\/www.smforklift.com\/support-client\/finances\/\" target=\"_self\" rel=\"noopener\">location par Cr\u00e9dit-Bail <\/a>sur chariot \u00e9l\u00e9vateur et autres \u00e9quipements de construction.<\/li>\n<li>Ventes de pi\u00e8ces usag\u00e9s, (fourches de chariots \u00e9l\u00e9vateurs, mats de lift, chargeurs industriels.<\/li>\n<li>Atelier de r\u00e9parations avec techniciens qualifi\u00e9 et chambre \u00e0 lavage<\/li>\n<li>Atelier de peinture<\/li>\n<li>Services conseil pour vous aidez a prendre la meilleur option<\/li>\n<li>Tous nos chariots \u00e9l\u00e9vateurs et autres \u00e9quipements en inventaire sont inspect\u00e9s et respectent les normes de s\u00e9curit\u00e9.<\/li>\n<li>Vous recherchez un chariot \u00e9l\u00e9vateur usag\u00e9 ou autre\u00a0\u00e9quipement sp\u00e9cifique, laisser nous vous aidez!<\/li>\n<\/ul>\n<p>Notre exp\u00e9rience combiner \u00e0 un service hors pair, r\u00e9pondre \u00e0 vos besoin et ce a des prix tr\u00e8s comp\u00e9titifs vous assureras une tranquillit\u00e9 d\u2019esprit.<\/p>\n<p>[\/et_pb_text][et_pb_image src=&#8221;https:\/\/www.smforklift.com\/wp-content\/uploads\/2021\/10\/ad1_-_Copy.jpg&#8221; title_text=&#8221;ad1_-_Copy&#8221; align=&#8221;center&#8221; _builder_version=&#8221;4.9.11&#8243; _module_preset=&#8221;default&#8221; custom_padding=&#8221;15px||||false|false&#8221; global_colors_info=&#8221;{}&#8221;][\/et_pb_image][\/et_pb_column][\/et_pb_row][\/et_pb_section]<\/p>\n","protected":false},"excerpt":{"rendered":"<p>R\u00e9parations SM est le leader incontest\u00e9 dans la vente de chariots \u00e9l\u00e9vateurs usag\u00e9s (used forklifts) et d&#8217;\u00e9quipements de manutention en gros et ce depuis 25 ans. Avec plus de 5,500 chariots \u00e9l\u00e9vateurs et \u00e9quipements de constructions vendus durant les 10 derni\u00e8res ann\u00e9es seulement, nous avons construit notre r\u00e9putation sur une qualit\u00e9 de pr\u00e9paration et de [&hellip;]<\/p>\n","protected":false},"author":1,"featured_media":0,"parent":0,"menu_order":40,"comment_status":"closed","ping_status":"closed","template":"","meta":{"_et_pb_use_builder":"on","_et_pb_old_content":"","_et_gb_content_width":"","footnotes":""},"class_list":["post-352","page","type-page","status-publish","hentry"],"yoast_head":"<!-- This site is optimized with the Yoast SEO plugin v27.5 - https:\/\/yoast.com\/product\/yoast-seo-wordpress\/ -->\n<title>Company - SM Forklift<\/title>\n<meta name=\"robots\" content=\"index, follow, max-snippet:-1, max-image-preview:large, max-video-preview:-1\" \/>\n<link rel=\"canonical\" href=\"https:\/\/www.smforklift.com\/en\/company\/\" \/>\n<meta property=\"og:locale\" content=\"en_US\" \/>\n<meta property=\"og:type\" content=\"article\" \/>\n<meta property=\"og:title\" content=\"Company - SM Forklift\" \/>\n<meta property=\"og:description\" content=\"R\u00e9parations SM est le leader incontest\u00e9 dans la vente de chariots \u00e9l\u00e9vateurs usag\u00e9s (used forklifts) et d&#039;\u00e9quipements de manutention en gros et ce depuis 25 ans. Avec plus de 5,500 chariots \u00e9l\u00e9vateurs et \u00e9quipements de constructions vendus durant les 10 derni\u00e8res ann\u00e9es seulement, nous avons construit notre r\u00e9putation sur une qualit\u00e9 de pr\u00e9paration et de [&hellip;]\" \/>\n<meta property=\"og:url\" content=\"https:\/\/www.smforklift.com\/en\/company\/\" \/>\n<meta property=\"og:site_name\" content=\"SM Forklift\" \/>\n<meta property=\"article:publisher\" content=\"https:\/\/www.facebook.com\/Reparations-SM-Inc-240178019390397\" \/>\n<meta property=\"article:modified_time\" content=\"2022-05-25T15:08:27+00:00\" \/>\n<meta property=\"og:image\" content=\"https:\/\/www.smforklift.com\/wp-content\/uploads\/2025\/04\/SMFORK-1024x683.png\" \/>\n\t<meta property=\"og:image:width\" content=\"1024\" \/>\n\t<meta property=\"og:image:height\" content=\"683\" \/>\n\t<meta property=\"og:image:type\" content=\"image\/png\" \/>\n<meta name=\"twitter:card\" content=\"summary_large_image\" \/>\n<meta name=\"twitter:site\" content=\"@SMforklift\" \/>\n<meta name=\"twitter:label1\" content=\"Est. reading time\" \/>\n\t<meta name=\"twitter:data1\" content=\"2 minutes\" \/>\n<script type=\"application\/ld+json\" class=\"yoast-schema-graph\">{\"@context\":\"https:\\\/\\\/schema.org\",\"@graph\":[{\"@type\":\"WebPage\",\"@id\":\"https:\\\/\\\/www.smforklift.com\\\/en\\\/company\\\/\",\"url\":\"https:\\\/\\\/www.smforklift.com\\\/en\\\/company\\\/\",\"name\":\"Company - SM Forklift\",\"isPartOf\":{\"@id\":\"https:\\\/\\\/www.smforklift.com\\\/en\\\/#website\"},\"datePublished\":\"2021-10-21T19:26:49+00:00\",\"dateModified\":\"2022-05-25T15:08:27+00:00\",\"breadcrumb\":{\"@id\":\"https:\\\/\\\/www.smforklift.com\\\/en\\\/company\\\/#breadcrumb\"},\"inLanguage\":\"en-US\",\"potentialAction\":[{\"@type\":\"ReadAction\",\"target\":[\"https:\\\/\\\/www.smforklift.com\\\/en\\\/company\\\/\"]}]},{\"@type\":\"BreadcrumbList\",\"@id\":\"https:\\\/\\\/www.smforklift.com\\\/en\\\/company\\\/#breadcrumb\",\"itemListElement\":[{\"@type\":\"ListItem\",\"position\":1,\"name\":\"Products\",\"item\":\"https:\\\/\\\/www.smforklift.com\\\/en\\\/\"},{\"@type\":\"ListItem\",\"position\":2,\"name\":\"Company\"}]},{\"@type\":\"WebSite\",\"@id\":\"https:\\\/\\\/www.smforklift.com\\\/en\\\/#website\",\"url\":\"https:\\\/\\\/www.smforklift.com\\\/en\\\/\",\"name\":\"SM Forklift\",\"description\":\"Leader dans la vente de chariots \u00e9l\u00e9vateurs depuis 25 ans\",\"publisher\":{\"@id\":\"https:\\\/\\\/www.smforklift.com\\\/en\\\/#organization\"},\"alternateName\":\"SM R\u00e9paration\",\"potentialAction\":[{\"@type\":\"SearchAction\",\"target\":{\"@type\":\"EntryPoint\",\"urlTemplate\":\"https:\\\/\\\/www.smforklift.com\\\/en\\\/?s={search_term_string}\"},\"query-input\":{\"@type\":\"PropertyValueSpecification\",\"valueRequired\":true,\"valueName\":\"search_term_string\"}}],\"inLanguage\":\"en-US\"},{\"@type\":\"Organization\",\"@id\":\"https:\\\/\\\/www.smforklift.com\\\/en\\\/#organization\",\"name\":\"SM Forklift\",\"alternateName\":\"SM R\u00e9paration\",\"url\":\"https:\\\/\\\/www.smforklift.com\\\/en\\\/\",\"logo\":{\"@type\":\"ImageObject\",\"inLanguage\":\"en-US\",\"@id\":\"https:\\\/\\\/www.smforklift.com\\\/en\\\/#\\\/schema\\\/logo\\\/image\\\/\",\"url\":\"https:\\\/\\\/www.smforklift.com\\\/wp-content\\\/uploads\\\/2021\\\/08\\\/top_logo_en.gif\",\"contentUrl\":\"https:\\\/\\\/www.smforklift.com\\\/wp-content\\\/uploads\\\/2021\\\/08\\\/top_logo_en.gif\",\"width\":450,\"height\":67,\"caption\":\"SM Forklift\"},\"image\":{\"@id\":\"https:\\\/\\\/www.smforklift.com\\\/en\\\/#\\\/schema\\\/logo\\\/image\\\/\"},\"sameAs\":[\"https:\\\/\\\/www.facebook.com\\\/Reparations-SM-Inc-240178019390397\",\"https:\\\/\\\/x.com\\\/SMforklift\",\"https:\\\/\\\/www.linkedin.com\\\/in\\\/serge-morin-60831238\\\/?originalSubdomain=ca\"]}]}<\/script>\n<!-- \/ Yoast SEO plugin. -->","yoast_head_json":{"title":"Company - SM Forklift","robots":{"index":"index","follow":"follow","max-snippet":"max-snippet:-1","max-image-preview":"max-image-preview:large","max-video-preview":"max-video-preview:-1"},"canonical":"https:\/\/www.smforklift.com\/en\/company\/","og_locale":"en_US","og_type":"article","og_title":"Company - SM Forklift","og_description":"R\u00e9parations SM est le leader incontest\u00e9 dans la vente de chariots \u00e9l\u00e9vateurs usag\u00e9s (used forklifts) et d'\u00e9quipements de manutention en gros et ce depuis 25 ans. Avec plus de 5,500 chariots \u00e9l\u00e9vateurs et \u00e9quipements de constructions vendus durant les 10 derni\u00e8res ann\u00e9es seulement, nous avons construit notre r\u00e9putation sur une qualit\u00e9 de pr\u00e9paration et de [&hellip;]","og_url":"https:\/\/www.smforklift.com\/en\/company\/","og_site_name":"SM Forklift","article_publisher":"https:\/\/www.facebook.com\/Reparations-SM-Inc-240178019390397","article_modified_time":"2022-05-25T15:08:27+00:00","og_image":[{"width":1024,"height":683,"url":"https:\/\/www.smforklift.com\/wp-content\/uploads\/2025\/04\/SMFORK-1024x683.png","type":"image\/png"}],"twitter_card":"summary_large_image","twitter_site":"@SMforklift","twitter_misc":{"Est. reading time":"2 minutes"},"schema":{"@context":"https:\/\/schema.org","@graph":[{"@type":"WebPage","@id":"https:\/\/www.smforklift.com\/en\/company\/","url":"https:\/\/www.smforklift.com\/en\/company\/","name":"Company - SM Forklift","isPartOf":{"@id":"https:\/\/www.smforklift.com\/en\/#website"},"datePublished":"2021-10-21T19:26:49+00:00","dateModified":"2022-05-25T15:08:27+00:00","breadcrumb":{"@id":"https:\/\/www.smforklift.com\/en\/company\/#breadcrumb"},"inLanguage":"en-US","potentialAction":[{"@type":"ReadAction","target":["https:\/\/www.smforklift.com\/en\/company\/"]}]},{"@type":"BreadcrumbList","@id":"https:\/\/www.smforklift.com\/en\/company\/#breadcrumb","itemListElement":[{"@type":"ListItem","position":1,"name":"Products","item":"https:\/\/www.smforklift.com\/en\/"},{"@type":"ListItem","position":2,"name":"Company"}]},{"@type":"WebSite","@id":"https:\/\/www.smforklift.com\/en\/#website","url":"https:\/\/www.smforklift.com\/en\/","name":"SM Forklift","description":"Leader dans la vente de chariots \u00e9l\u00e9vateurs depuis 25 ans","publisher":{"@id":"https:\/\/www.smforklift.com\/en\/#organization"},"alternateName":"SM R\u00e9paration","potentialAction":[{"@type":"SearchAction","target":{"@type":"EntryPoint","urlTemplate":"https:\/\/www.smforklift.com\/en\/?s={search_term_string}"},"query-input":{"@type":"PropertyValueSpecification","valueRequired":true,"valueName":"search_term_string"}}],"inLanguage":"en-US"},{"@type":"Organization","@id":"https:\/\/www.smforklift.com\/en\/#organization","name":"SM Forklift","alternateName":"SM R\u00e9paration","url":"https:\/\/www.smforklift.com\/en\/","logo":{"@type":"ImageObject","inLanguage":"en-US","@id":"https:\/\/www.smforklift.com\/en\/#\/schema\/logo\/image\/","url":"https:\/\/www.smforklift.com\/wp-content\/uploads\/2021\/08\/top_logo_en.gif","contentUrl":"https:\/\/www.smforklift.com\/wp-content\/uploads\/2021\/08\/top_logo_en.gif","width":450,"height":67,"caption":"SM Forklift"},"image":{"@id":"https:\/\/www.smforklift.com\/en\/#\/schema\/logo\/image\/"},"sameAs":["https:\/\/www.facebook.com\/Reparations-SM-Inc-240178019390397","https:\/\/x.com\/SMforklift","https:\/\/www.linkedin.com\/in\/serge-morin-60831238\/?originalSubdomain=ca"]}]}},"_links":{"self":[{"href":"https:\/\/www.smforklift.com\/en\/wp-json\/wp\/v2\/pages\/352","targetHints":{"allow":["GET"]}}],"collection":[{"href":"https:\/\/www.smforklift.com\/en\/wp-json\/wp\/v2\/pages"}],"about":[{"href":"https:\/\/www.smforklift.com\/en\/wp-json\/wp\/v2\/types\/page"}],"author":[{"embeddable":true,"href":"https:\/\/www.smforklift.com\/en\/wp-json\/wp\/v2\/users\/1"}],"replies":[{"embeddable":true,"href":"https:\/\/www.smforklift.com\/en\/wp-json\/wp\/v2\/comments?post=352"}],"version-history":[{"count":5,"href":"https:\/\/www.smforklift.com\/en\/wp-json\/wp\/v2\/pages\/352\/revisions"}],"predecessor-version":[{"id":1499,"href":"https:\/\/www.smforklift.com\/en\/wp-json\/wp\/v2\/pages\/352\/revisions\/1499"}],"wp:attachment":[{"href":"https:\/\/www.smforklift.com\/en\/wp-json\/wp\/v2\/media?parent=352"}],"curies":[{"name":"wp","href":"https:\/\/api.w.org\/{rel}","templated":true}]}}